{"id":33194,"date":"2024-11-06T10:03:16","date_gmt":"2024-11-06T09:03:16","guid":{"rendered":"https:\/\/www.prissmacer.es\/solutions-techniques\/quick-ceramica\/"},"modified":"2025-03-12T09:47:06","modified_gmt":"2025-03-12T08:47:06","slug":"quick-ceramica-2","status":"publish","type":"page","link":"https:\/\/www.prissmacer.es\/fr\/solutions-techniques\/quick-ceramica-2\/","title":{"rendered":"Quick Cer\u00e1mica"},"content":{"rendered":"<p>[et_pb_section fb_built=\u00a0\u00bb1&Prime; disabled_on=\u00a0\u00bboff|off|off\u00a0\u00bb _builder_version=\u00a0\u00bb4.19.5&Prime; _module_preset=\u00a0\u00bbdefault\u00a0\u00bb min_height=\u00a0\u00bb1px\u00a0\u00bb height=\u00a0\u00bb1px\u00a0\u00bb custom_padding=\u00a0\u00bb0px||0px|||\u00a0\u00bb global_module=\u00a0\u00bb1337&Prime; saved_tabs=\u00a0\u00bball\u00a0\u00bb locked=\u00a0\u00bboff\u00a0\u00bb global_colors_info=\u00a0\u00bb{}\u00a0\u00bb][et_pb_row _builder_version=\u00a0\u00bb4.27.2&Prime; _module_preset=\u00a0\u00bbdefault\u00a0\u00bb custom_margin=\u00a0\u00bb||1px||false|false\u00a0\u00bb global_colors_info=\u00a0\u00bb{}\u00a0\u00bb][et_pb_column type=\u00a0\u00bb4_4&Prime; _builder_version=\u00a0\u00bb4.19.5&Prime; _module_preset=\u00a0\u00bbdefault\u00a0\u00bb global_colors_info=\u00a0\u00bb{}\u00a0\u00bb][\/et_pb_column][\/et_pb_row][\/et_pb_section][et_pb_section fb_built=\u00a0\u00bb1&Prime; disabled_on=\u00a0\u00bboff|off|off\u00a0\u00bb _builder_version=\u00a0\u00bb4.19.5&Prime; _module_preset=\u00a0\u00bbdefault\u00a0\u00bb background_enable_color=\u00a0\u00bboff\u00a0\u00bb positioning=\u00a0\u00bbnone\u00a0\u00bb custom_padding=\u00a0\u00bb0px||0px|||\u00a0\u00bb sticky_position=\u00a0\u00bbtop\u00a0\u00bb sticky_position_tablet=\u00a0\u00bbtop\u00a0\u00bb sticky_position_phone=\u00a0\u00bbnone\u00a0\u00bb sticky_position_last_edited=\u00a0\u00bbon|phone\u00a0\u00bb border_color_bottom=\u00a0\u00bb#e0e0e0&Prime; global_module=\u00a0\u00bb289&Prime; saved_tabs=\u00a0\u00bball\u00a0\u00bb locked=\u00a0\u00bboff\u00a0\u00bb collapsed=\u00a0\u00bboff\u00a0\u00bb global_colors_info=\u00a0\u00bb{}\u00a0\u00bb border_width_bottom__sticky_enabled=\u00a0\u00bbon|sticky\u00a0\u00bb border_width_bottom__sticky=\u00a0\u00bb1px\u00a0\u00bb][et_pb_row _builder_version=\u00a0\u00bb4.19.5&Prime; _module_preset=\u00a0\u00bbdefault\u00a0\u00bb sticky_position=\u00a0\u00bbtop\u00a0\u00bb global_colors_info=\u00a0\u00bb{}\u00a0\u00bb custom_padding__sticky_enabled=\u00a0\u00bbon|sticky\u00a0\u00bb custom_padding__sticky=\u00a0\u00bb21px||9px||false|false\u00a0\u00bb][et_pb_column type=\u00a0\u00bb4_4&Prime; _builder_version=\u00a0\u00bb4.19.4&Prime; _module_preset=\u00a0\u00bbdefault\u00a0\u00bb global_colors_info=\u00a0\u00bb{}\u00a0\u00bb][et_pb_text _builder_version=\u00a0\u00bb4.19.5&Prime; _dynamic_attributes=\u00a0\u00bbcontent\u00a0\u00bb _module_preset=\u00a0\u00bbdefault\u00a0\u00bb header_font=\u00a0\u00bb|700|||||||\u00a0\u00bb header_text_color=\u00a0\u00bb#555559&Prime; header_font_size=\u00a0\u00bb60px\u00a0\u00bb header_line_height=\u00a0\u00bb1.2em\u00a0\u00bb header_2_font=\u00a0\u00bb|700|||||||\u00a0\u00bb header_2_text_align=\u00a0\u00bbleft\u00a0\u00bb header_2_text_color=\u00a0\u00bb#FFFFFF\u00a0\u00bb header_2_font_size=\u00a0\u00bb65px\u00a0\u00bb custom_margin=\u00a0\u00bb||9px|||\u00a0\u00bb header_font_size_tablet=\u00a0\u00bb54px\u00a0\u00bb header_font_size_phone=\u00a0\u00bb40px\u00a0\u00bb header_font_size_last_edited=\u00a0\u00bbon|desktop\u00a0\u00bb header_2_font_size_tablet=\u00a0\u00bb60px\u00a0\u00bb header_2_font_size_phone=\u00a0\u00bb42px\u00a0\u00bb header_2_font_size_last_edited=\u00a0\u00bbon|phone\u00a0\u00bb locked=\u00a0\u00bboff\u00a0\u00bb global_colors_info=\u00a0\u00bb{}\u00a0\u00bb header_font_size__sticky_enabled=\u00a0\u00bbon|desktop\u00a0\u00bb header_font_size__sticky=\u00a0\u00bb30px\u00a0\u00bb custom_padding__sticky_enabled=\u00a0\u00bbon|sticky\u00a0\u00bb custom_padding__sticky=\u00a0\u00bb||0px||false|false\u00a0\u00bb custom_margin__sticky_enabled=\u00a0\u00bbon|sticky\u00a0\u00bb custom_margin__sticky=\u00a0\u00bb||-4px||false|false\u00a0\u00bb]@ET-DC@eyJkeW5hbWljIjp0cnVlLCJjb250ZW50IjoicG9zdF90aXRsZSIsInNldHRpbmdzIjp7ImJlZm9yZSI6IjxoMT4iLCJhZnRlciI6IjwvaDE+IiwiZW5hYmxlX2h0bWwiOiJvZmYifX0=@[\/et_pb_text][et_pb_text module_id=\u00a0\u00bbcontenedor-breadcrumb\u00a0\u00bb _builder_version=\u00a0\u00bb4.19.5&Prime; _module_preset=\u00a0\u00bbdefault\u00a0\u00bb custom_margin=\u00a0\u00bb0px||0px||false|false\u00a0\u00bb custom_padding=\u00a0\u00bb0px||0px||false|false\u00a0\u00bb global_colors_info=\u00a0\u00bb{}\u00a0\u00bb]<\/p>\n<div class=\"breadcrumb\"><ul class=\"dsm_breadcrumbs\">\n\t\t<li class=\"dsm_breadcrumbs_item\">\n\t\t\t\t\t\t\t<a class=\"dsm_breadcrumbs_crumb dsm_breadcrumbs_crumb_link\" href=\"https:\/\/www.prissmacer.es\/fr\/\" itemprop=\"url\" rel=\"nofollow\">\n\t\t\t\t\t\t\t\tHome\n\t\t\t\t\t\t\t<\/a>\n\t\t\t\t\t\t<\/li><li class=\"dsm_breadcrumbs_separator\"> \n\t\t\t\t\t\t<span class=\"et-pb-icon dsm_separator_icon\">5<\/span>\n\t\t\t\t\t<\/li><li class=\"dsm_breadcrumbs_item\">\n\t\t\t\t\t\t\t\t\t<a class=\"dsm_breadcrumbs_crumb dsm_breadcrumbs_crumb_link\" href=\"https:\/\/www.prissmacer.es\/fr\/solutions-techniques\/\" itemprop=\"url\" rel=\"nofollow\">\n\t\t\t\t\t\t\t\t\t\tSolutions techniques\n\t\t\t\t\t\t\t\t\t<\/a>\n\t\t\t\t\t\t\t\t<\/li><li class=\"dsm_breadcrumbs_separator\"> \n\t\t\t\t\t\t<span class=\"et-pb-icon dsm_separator_icon\">5<\/span>\n\t\t\t\t\t<\/li><li class=\"dsm_breadcrumbs_item\">Quick Cer\u00e1mica<\/li><\/ul><style>\n\t\t\t\t\t\tdiv#contenedor-breadcrumb p {\n\t\t\t\t\t\t\tdisplay: none;\n\t\t\t\t\t\t}\n\n\t\t\t\t\t\tul.dsm_breadcrumbs {\n\t\t\t\t\t\t\tpadding: 0;\n\t\t\t\t\t\t}\n\n\t\t\t\t\t\tspan.et-pb-icon.dsm_separator_icon {\n\t\t\t\t\t\t\tfont-size: 18px;\n\t\t\t\t\t\t\tfont-weight: 700;\t\n\t\t\t\t\t\t\tvertical-align: text-top;\n\t\t\t\t\t\t}\n\n\t\t\t\t\t\tli.dsm_breadcrumbs_item {\n\t\t\t\t\t\t\tlist-style-type: none;\n\t\t\t\t\t\t\tdisplay: inline-block;\n\t\t\t\t\t\t}\n\n\t\t\t\t\t\tli.dsm_breadcrumbs_separator {\n\t\t\t\t\t\t\tlist-style-type: none;\n\t\t\t\t\t\t\tdisplay: inline-block;\n\t\t\t\t\t\t\tmargin: 0 5px;\n\t\t\t\t\t\t}\n\t\t\t\t\t<\/style><\/div>\n<p>[\/et_pb_text][\/et_pb_column][\/et_pb_row][\/et_pb_section][et_pb_section fb_built=\u00a0\u00bb1&Prime; _builder_version=\u00a0\u00bb4.27.2&Prime; _module_preset=\u00a0\u00bbdefault\u00a0\u00bb custom_padding=\u00a0\u00bb0px|||||\u00a0\u00bb global_colors_info=\u00a0\u00bb{}\u00a0\u00bb][et_pb_row _builder_version=\u00a0\u00bb4.27.2&Prime; _module_preset=\u00a0\u00bbdefault\u00a0\u00bb global_colors_info=\u00a0\u00bb{}\u00a0\u00bb][et_pb_column type=\u00a0\u00bb4_4&Prime; _builder_version=\u00a0\u00bb4.27.2&Prime; _module_preset=\u00a0\u00bbdefault\u00a0\u00bb global_colors_info=\u00a0\u00bb{}\u00a0\u00bb][et_pb_video src=\u00a0\u00bbhttps:\/\/www.youtube.com\/watch?v=Xm2yrZCqUZQ\u00a0\u00bb _builder_version=\u00a0\u00bb4.27.2&Prime; _module_preset=\u00a0\u00bbdefault\u00a0\u00bb global_colors_info=\u00a0\u00bb{}\u00a0\u00bb][\/et_pb_video][\/et_pb_column][\/et_pb_row][et_pb_row column_structure=\u00a0\u00bb2_3,1_3&Prime; use_custom_gutter=\u00a0\u00bbon\u00a0\u00bb gutter_width=\u00a0\u00bb2&Prime; make_equal=\u00a0\u00bbon\u00a0\u00bb _builder_version=\u00a0\u00bb4.27.2&Prime; _module_preset=\u00a0\u00bbdefault\u00a0\u00bb custom_padding=\u00a0\u00bb||||false|false\u00a0\u00bb global_colors_info=\u00a0\u00bb{}\u00a0\u00bb][et_pb_column type=\u00a0\u00bb2_3&Prime; _builder_version=\u00a0\u00bb4.27.2&Prime; _module_preset=\u00a0\u00bbdefault\u00a0\u00bb background_color=\u00a0\u00bb#EBC4C6&Prime; background_image=\u00a0\u00bbhttps:\/\/www.prissmacer.es\/wp-content\/uploads\/2023\/01\/manual-abierto-19.svg\u00a0\u00bb parallax=\u00a0\u00bbon\u00a0\u00bb custom_padding=\u00a0\u00bb30px|50px|30px|50px|true|true\u00a0\u00bb custom_padding_tablet=\u00a0\u00bb60px|40px|60px|40px|true|true\u00a0\u00bb custom_padding_phone=\u00a0\u00bb50px|20px|50px|20px|true|true\u00a0\u00bb custom_padding_last_edited=\u00a0\u00bbon|phone\u00a0\u00bb global_colors_info=\u00a0\u00bb{}\u00a0\u00bb][et_pb_image src=\u00a0\u00bbhttps:\/\/www.prissmacer.es\/wp-content\/uploads\/2024\/11\/PRI2400234D_APARTADO_WEB_quickceramica_v01_02-04.png\u00a0\u00bb title_text=\u00a0\u00bbPRI2400234D_APARTADO_WEB_quickceramica_v01_02-04&Prime; _builder_version=\u00a0\u00bb4.27.2&Prime; _module_preset=\u00a0\u00bbdefault\u00a0\u00bb width=\u00a0\u00bb40%\u00a0\u00bb width_tablet=\u00a0\u00bb44%\u00a0\u00bb width_phone=\u00a0\u00bb90%\u00a0\u00bb width_last_edited=\u00a0\u00bbon|phone\u00a0\u00bb module_alignment=\u00a0\u00bbleft\u00a0\u00bb custom_margin=\u00a0\u00bb||29px|||\u00a0\u00bb global_colors_info=\u00a0\u00bb{}\u00a0\u00bb][\/et_pb_image][et_pb_text _builder_version=\u00a0\u00bb4.27.2&Prime; _module_preset=\u00a0\u00bbdefault\u00a0\u00bb text_text_color=\u00a0\u00bb#48484C\u00a0\u00bb header_3_line_height=\u00a0\u00bb1.2em\u00a0\u00bb global_colors_info=\u00a0\u00bb{}\u00a0\u00bb]<\/p>\n<p>Quick Cer\u00e1mica is a system designed for the quick installation of porcelain flooring without requiring additional work or adhesives. This is achieved through Quick Cer\u00e1mica\u2019s three key components:<\/p>\n<h3><strong>Couverture IXPE<\/strong><\/h3>\n<p>Une couche isolante en poly\u00e9thyl\u00e8ne IXPE.<\/p>\n<h3><strong>WPC (Wood and Plastic composite)<\/strong><\/h3>\n<p>Facilite l\u2019embo\u00eetement des pi\u00e8ces sans travaux suppl\u00e9mentaires ni utilisation d\u2019adh\u00e9sifs.<\/p>\n<h3><strong>Carreau XTRA de 6 mm<\/strong><\/h3>\n<p>Des carreaux ultra-fins en gr\u00e8s c\u00e9rame offrant la flexibilit\u00e9 n\u00e9cessaire au bon fonctionnement du syst\u00e8me.<\/p>\n<p>[\/et_pb_text][\/et_pb_column][et_pb_column type=\u00a0\u00bb1_3&Prime; _builder_version=\u00a0\u00bb4.27.2&Prime; _module_preset=\u00a0\u00bbdefault\u00a0\u00bb background_color=\u00a0\u00bb#F2F1F1&Prime; global_colors_info=\u00a0\u00bb{}\u00a0\u00bb][et_pb_image src=\u00a0\u00bbhttps:\/\/www.prissmacer.es\/wp-content\/uploads\/2024\/11\/PRI2400234D_APARTADO_WEB_quickceramica_v01_02-03-copia-2.png\u00a0\u00bb title_text=\u00a0\u00bbPRI2400234D_APARTADO_WEB_quickceramica_v01_02-03 copia 2&Prime; module_class=\u00a0\u00bbno-lightbox\u00a0\u00bb _builder_version=\u00a0\u00bb4.27.2&Prime; _module_preset=\u00a0\u00bbdefault\u00a0\u00bb custom_margin=\u00a0\u00bb||17px|||\u00a0\u00bb global_colors_info=\u00a0\u00bb{}\u00a0\u00bb][\/et_pb_image][et_pb_button button_url=\u00a0\u00bbhttps:\/\/www.prissmacer.es\/wp-content\/uploads\/2025\/01\/FOLLETO_QUICK_CERAMICA_FRANCES.pdf\u00a0\u00bb url_new_window=\u00a0\u00bbon\u00a0\u00bb button_text=\u00a0\u00bbT\u00e9l\u00e9charger la brochure\u00a0\u00bb button_alignment=\u00a0\u00bbcenter\u00a0\u00bb _builder_version=\u00a0\u00bb4.27.2&Prime; _module_preset=\u00a0\u00bbdefault\u00a0\u00bb custom_button=\u00a0\u00bbon\u00a0\u00bb button_text_size=\u00a0\u00bb16px\u00a0\u00bb button_text_color=\u00a0\u00bb#555559&Prime; button_bg_color=\u00a0\u00bb#EBC4C6&Prime; button_border_width=\u00a0\u00bb0px\u00a0\u00bb button_border_color=\u00a0\u00bb#000000&Prime; button_border_radius=\u00a0\u00bb33px\u00a0\u00bb custom_margin=\u00a0\u00bb||24px||false|false\u00a0\u00bb custom_padding=\u00a0\u00bb||||false|false\u00a0\u00bb custom_padding_last_edited=\u00a0\u00bboff|desktop\u00a0\u00bb custom_css_main_element=\u00a0\u00bbdisplay: inline-block;||width: 85%;\u00a0\u00bb global_colors_info=\u00a0\u00bb{}\u00a0\u00bb][\/et_pb_button][\/et_pb_column][\/et_pb_row][et_pb_row column_structure=\u00a0\u00bb1_3,2_3&Prime; _builder_version=\u00a0\u00bb4.27.2&Prime; _module_preset=\u00a0\u00bbdefault\u00a0\u00bb background_color=\u00a0\u00bb#56565A\u00a0\u00bb custom_padding=\u00a0\u00bb||5px|||\u00a0\u00bb global_colors_info=\u00a0\u00bb{}\u00a0\u00bb][et_pb_column type=\u00a0\u00bb1_3&Prime; _builder_version=\u00a0\u00bb4.27.2&Prime; _module_preset=\u00a0\u00bbdefault\u00a0\u00bb custom_padding=\u00a0\u00bb||||false|false\u00a0\u00bb border_color_right=\u00a0\u00bb#FFFFFF\u00a0\u00bb global_colors_info=\u00a0\u00bb{}\u00a0\u00bb][et_pb_text _builder_version=\u00a0\u00bb4.27.2&Prime; _module_preset=\u00a0\u00bbdefault\u00a0\u00bb header_2_font=\u00a0\u00bb|600|||||||\u00a0\u00bb header_2_text_align=\u00a0\u00bbright\u00a0\u00bb header_2_text_color=\u00a0\u00bb#FFFFFF\u00a0\u00bb header_2_font_size=\u00a0\u00bb35px\u00a0\u00bb header_2_letter_spacing=\u00a0\u00bb3px\u00a0\u00bb header_2_line_height=\u00a0\u00bb1.2em\u00a0\u00bb text_orientation=\u00a0\u00bbright\u00a0\u00bb custom_margin=\u00a0\u00bb||19px||false|false\u00a0\u00bb custom_margin_tablet=\u00a0\u00bb||-20px||false|false\u00a0\u00bb custom_margin_phone=\u00a0\u00bb||-20px||false|false\u00a0\u00bb custom_margin_last_edited=\u00a0\u00bbon|desktop\u00a0\u00bb custom_padding=\u00a0\u00bb|30px|||false|false\u00a0\u00bb custom_padding_tablet=\u00a0\u00bb|0px|||false|false\u00a0\u00bb custom_padding_phone=\u00a0\u00bb|0px|||false|false\u00a0\u00bb custom_padding_last_edited=\u00a0\u00bbon|phone\u00a0\u00bb header_2_text_align_tablet=\u00a0\u00bbcenter\u00a0\u00bb header_2_text_align_phone=\u00a0\u00bbcenter\u00a0\u00bb header_2_text_align_last_edited=\u00a0\u00bbon|phone\u00a0\u00bb header_2_font_size_tablet=\u00a0\u00bb35px\u00a0\u00bb header_2_font_size_phone=\u00a0\u00bb32px\u00a0\u00bb header_2_font_size_last_edited=\u00a0\u00bbon|phone\u00a0\u00bb border_width_right=\u00a0\u00bb1px\u00a0\u00bb border_color_right=\u00a0\u00bb#EBC4C6&Prime; border_width_right_tablet=\u00a0\u00bb0px\u00a0\u00bb border_width_right_phone=\u00a0\u00bb0px\u00a0\u00bb border_width_right_last_edited=\u00a0\u00bbon|desktop\u00a0\u00bb locked=\u00a0\u00bboff\u00a0\u00bb global_colors_info=\u00a0\u00bb{}\u00a0\u00bb]<\/p>\n<h2>AVANTAGES<\/h2>\n<p>[\/et_pb_text][\/et_pb_column][et_pb_column type=\u00a0\u00bb2_3&Prime; _builder_version=\u00a0\u00bb4.27.2&Prime; _module_preset=\u00a0\u00bbdefault\u00a0\u00bb global_colors_info=\u00a0\u00bb{}\u00a0\u00bb][et_pb_text _builder_version=\u00a0\u00bb4.27.2&Prime; _module_preset=\u00a0\u00bbdefault\u00a0\u00bb text_text_color=\u00a0\u00bb#FFFFFF\u00a0\u00bb custom_margin=\u00a0\u00bb||||false|false\u00a0\u00bb custom_margin_tablet=\u00a0\u00bb0px||||false|false\u00a0\u00bb custom_margin_last_edited=\u00a0\u00bboff|tablet\u00a0\u00bb custom_padding=\u00a0\u00bb|30px|||false|false\u00a0\u00bb custom_padding_tablet=\u00a0\u00bb0px||30px|30px|false|false\u00a0\u00bb custom_padding_phone=\u00a0\u00bb0px||30px|30px|false|false\u00a0\u00bb custom_padding_last_edited=\u00a0\u00bbon|tablet\u00a0\u00bb text_orientation_tablet=\u00a0\u00bbcenter\u00a0\u00bb text_orientation_phone=\u00a0\u00bbcenter\u00a0\u00bb text_orientation_last_edited=\u00a0\u00bbon|phone\u00a0\u00bb global_colors_info=\u00a0\u00bb{}\u00a0\u00bb]<\/p>\n<p>Quick Cer\u00e1mica combine tous les avantages des mat\u00e9riaux c\u00e9ramiques avec une grande facilit\u00e9 de montage.<\/p>\n<p>[\/et_pb_text][\/et_pb_column][\/et_pb_row][\/et_pb_section][et_pb_section fb_built=\u00a0\u00bb1&Prime; _builder_version=\u00a0\u00bb4.27.2&Prime; _module_preset=\u00a0\u00bbdefault\u00a0\u00bb custom_margin_phone=\u00a0\u00bb0px||||false|false\u00a0\u00bb custom_margin_last_edited=\u00a0\u00bboff|phone\u00a0\u00bb custom_padding=\u00a0\u00bb0px|||||\u00a0\u00bb global_colors_info=\u00a0\u00bb{}\u00a0\u00bb][et_pb_row _builder_version=\u00a0\u00bb4.27.3&Prime; _module_preset=\u00a0\u00bbdefault\u00a0\u00bb custom_margin=\u00a0\u00bb||0px||false|false\u00a0\u00bb custom_padding=\u00a0\u00bb||0px||false|false\u00a0\u00bb hover_enabled=\u00a0\u00bb0&Prime; global_colors_info=\u00a0\u00bb{}\u00a0\u00bb width_last_edited=\u00a0\u00bbon|phone\u00a0\u00bb width=\u00a0\u00bb60%\u00a0\u00bb sticky_enabled=\u00a0\u00bb0&Prime; width_tablet=\u00a0\u00bb80%\u00a0\u00bb width_phone=\u00a0\u00bb85%\u00a0\u00bb][et_pb_column type=\u00a0\u00bb4_4&Prime; _builder_version=\u00a0\u00bb4.27.2&Prime; _module_preset=\u00a0\u00bbdefault\u00a0\u00bb global_colors_info=\u00a0\u00bb{}\u00a0\u00bb][et_pb_image src=\u00a0\u00bbhttps:\/\/www.prissmacer.es\/wp-content\/uploads\/2024\/11\/quick-ceramica-thelab-08.png\u00a0\u00bb title_text=\u00a0\u00bbquick-ceramica-thelab-04&Prime; src_tablet=\u00a0\u00bbhttps:\/\/www.prissmacer.es\/wp-content\/uploads\/2024\/11\/quick-info-desk.png\u00a0\u00bb src_phone=\u00a0\u00bbhttps:\/\/www.prissmacer.es\/wp-content\/uploads\/2024\/11\/quick-ceramica-thelab-09.png\u00a0\u00bb src_last_edited=\u00a0\u00bbon|phone\u00a0\u00bb module_class=\u00a0\u00bbno-lightbox\u00a0\u00bb _builder_version=\u00a0\u00bb4.27.3&Prime; _module_preset=\u00a0\u00bbdefault\u00a0\u00bb width_tablet=\u00a0\u00bb64%\u00a0\u00bb width_phone=\u00a0\u00bb64%\u00a0\u00bb width_last_edited=\u00a0\u00bboff|desktop\u00a0\u00bb module_alignment=\u00a0\u00bbcenter\u00a0\u00bb hover_enabled=\u00a0\u00bb0&Prime; global_colors_info=\u00a0\u00bb{}\u00a0\u00bb sticky_enabled=\u00a0\u00bb0&Prime;][\/et_pb_image][\/et_pb_column][\/et_pb_row][\/et_pb_section][et_pb_section fb_built=\u00a0\u00bb1&Prime; _builder_version=\u00a0\u00bb4.27.2&Prime; _module_preset=\u00a0\u00bbdefault\u00a0\u00bb background_color=\u00a0\u00bb#F2F1F1&Prime; background_image=\u00a0\u00bbhttps:\/\/www.prissmacer.es\/wp-content\/uploads\/2023\/01\/fondi-insta-final2.png\u00a0\u00bb parallax=\u00a0\u00bbon\u00a0\u00bb parallax_method=\u00a0\u00bboff\u00a0\u00bb global_colors_info=\u00a0\u00bb{}\u00a0\u00bb][et_pb_row column_structure=\u00a0\u00bb1_2,1_2&Prime; _builder_version=\u00a0\u00bb4.27.2&Prime; _module_preset=\u00a0\u00bbdefault\u00a0\u00bb global_colors_info=\u00a0\u00bb{}\u00a0\u00bb][et_pb_column type=\u00a0\u00bb1_2&Prime; _builder_version=\u00a0\u00bb4.27.2&Prime; _module_preset=\u00a0\u00bbdefault\u00a0\u00bb global_colors_info=\u00a0\u00bb{}\u00a0\u00bb][et_pb_text _builder_version=\u00a0\u00bb4.27.2&Prime; _module_preset=\u00a0\u00bbdefault\u00a0\u00bb header_2_text_color=\u00a0\u00bb#56565A\u00a0\u00bb header_2_font_size=\u00a0\u00bb36px\u00a0\u00bb header_2_line_height=\u00a0\u00bb1.2em\u00a0\u00bb header_3_font=\u00a0\u00bb|700|||||||\u00a0\u00bb header_3_text_color=\u00a0\u00bb#56565A\u00a0\u00bb header_3_font_size=\u00a0\u00bb26px\u00a0\u00bb custom_margin=\u00a0\u00bb||19px|||\u00a0\u00bb header_3_font_size_tablet=\u00a0\u00bb26px\u00a0\u00bb header_3_font_size_phone=\u00a0\u00bb22px\u00a0\u00bb header_3_font_size_last_edited=\u00a0\u00bbon|phone\u00a0\u00bb locked=\u00a0\u00bboff\u00a0\u00bb global_colors_info=\u00a0\u00bb{}\u00a0\u00bb]<\/p>\n<h3>Quick Cer\u00e1mica<\/p>\n<\/h3>\n<p>Demo (Anglais)<\/p>\n<p>[\/et_pb_text][et_pb_video src=\u00a0\u00bbhttps:\/\/www.youtube.com\/watch?v=G2amUCj22L0&Prime; _builder_version=\u00a0\u00bb4.27.2&Prime; _module_preset=\u00a0\u00bbdefault\u00a0\u00bb custom_margin=\u00a0\u00bb||27px|||\u00a0\u00bb global_colors_info=\u00a0\u00bb{}\u00a0\u00bb][\/et_pb_video][\/et_pb_column][et_pb_column type=\u00a0\u00bb1_2&Prime; _builder_version=\u00a0\u00bb4.27.2&Prime; _module_preset=\u00a0\u00bbdefault\u00a0\u00bb global_colors_info=\u00a0\u00bb{}\u00a0\u00bb][et_pb_text _builder_version=\u00a0\u00bb4.27.2&Prime; _module_preset=\u00a0\u00bbdefault\u00a0\u00bb header_2_text_color=\u00a0\u00bb#56565A\u00a0\u00bb header_2_font_size=\u00a0\u00bb36px\u00a0\u00bb header_2_line_height=\u00a0\u00bb1.2em\u00a0\u00bb header_3_font=\u00a0\u00bb|700|||||||\u00a0\u00bb header_3_text_color=\u00a0\u00bb#56565A\u00a0\u00bb header_3_font_size=\u00a0\u00bb26px\u00a0\u00bb custom_margin=\u00a0\u00bb||19px|||\u00a0\u00bb header_3_font_size_tablet=\u00a0\u00bb26px\u00a0\u00bb header_3_font_size_phone=\u00a0\u00bb22px\u00a0\u00bb header_3_font_size_last_edited=\u00a0\u00bbon|phone\u00a0\u00bb locked=\u00a0\u00bboff\u00a0\u00bb global_colors_info=\u00a0\u00bb{}\u00a0\u00bb]<\/p>\n<h3>Quick Cer\u00e1mica<\/h3>\n<p>Demo (Espagnol)<\/p>\n<p>[\/et_pb_text][et_pb_video src=\u00a0\u00bbhttps:\/\/www.youtube.com\/watch?v=Xm2yrZCqUZQ\u00a0\u00bb _builder_version=\u00a0\u00bb4.27.2&Prime; _module_preset=\u00a0\u00bbdefault\u00a0\u00bb global_colors_info=\u00a0\u00bb{}\u00a0\u00bb][\/et_pb_video][\/et_pb_column][\/et_pb_row][et_pb_row column_structure=\u00a0\u00bb1_2,1_2&Prime; _builder_version=\u00a0\u00bb4.27.2&Prime; _module_preset=\u00a0\u00bbdefault\u00a0\u00bb global_colors_info=\u00a0\u00bb{}\u00a0\u00bb][et_pb_column type=\u00a0\u00bb1_2&Prime; _builder_version=\u00a0\u00bb4.27.2&Prime; _module_preset=\u00a0\u00bbdefault\u00a0\u00bb global_colors_info=\u00a0\u00bb{}\u00a0\u00bb][et_pb_text _builder_version=\u00a0\u00bb4.27.2&Prime; _module_preset=\u00a0\u00bbdefault\u00a0\u00bb header_2_text_color=\u00a0\u00bb#56565A\u00a0\u00bb header_2_font_size=\u00a0\u00bb36px\u00a0\u00bb header_2_line_height=\u00a0\u00bb1.2em\u00a0\u00bb header_3_font=\u00a0\u00bb|700|||||||\u00a0\u00bb header_3_text_color=\u00a0\u00bb#56565A\u00a0\u00bb header_3_font_size=\u00a0\u00bb26px\u00a0\u00bb custom_margin=\u00a0\u00bb||19px|||\u00a0\u00bb header_3_font_size_tablet=\u00a0\u00bb26px\u00a0\u00bb header_3_font_size_phone=\u00a0\u00bb22px\u00a0\u00bb header_3_font_size_last_edited=\u00a0\u00bbon|phone\u00a0\u00bb locked=\u00a0\u00bboff\u00a0\u00bb global_colors_info=\u00a0\u00bb{}\u00a0\u00bb]<\/p>\n<h3>Quick Cer\u00e1mica<\/h3>\n<p>Demo (Allemand)<\/p>\n<p>[\/et_pb_text][et_pb_video src=\u00a0\u00bbhttps:\/\/www.youtube.com\/watch?v=zSK7EcGXaEc\u00a0\u00bb _builder_version=\u00a0\u00bb4.27.2&Prime; _module_preset=\u00a0\u00bbdefault\u00a0\u00bb custom_margin=\u00a0\u00bb||30px|||\u00a0\u00bb global_colors_info=\u00a0\u00bb{}\u00a0\u00bb][\/et_pb_video][\/et_pb_column][et_pb_column type=\u00a0\u00bb1_2&Prime; _builder_version=\u00a0\u00bb4.27.2&Prime; _module_preset=\u00a0\u00bbdefault\u00a0\u00bb global_colors_info=\u00a0\u00bb{}\u00a0\u00bb][et_pb_text _builder_version=\u00a0\u00bb4.27.2&Prime; _module_preset=\u00a0\u00bbdefault\u00a0\u00bb header_2_text_color=\u00a0\u00bb#56565A\u00a0\u00bb header_2_font_size=\u00a0\u00bb36px\u00a0\u00bb header_2_line_height=\u00a0\u00bb1.2em\u00a0\u00bb header_3_font=\u00a0\u00bb|700|||||||\u00a0\u00bb header_3_text_color=\u00a0\u00bb#56565A\u00a0\u00bb header_3_font_size=\u00a0\u00bb26px\u00a0\u00bb custom_margin=\u00a0\u00bb||19px|||\u00a0\u00bb header_3_font_size_tablet=\u00a0\u00bb26px\u00a0\u00bb header_3_font_size_phone=\u00a0\u00bb22px\u00a0\u00bb header_3_font_size_last_edited=\u00a0\u00bbon|phone\u00a0\u00bb locked=\u00a0\u00bboff\u00a0\u00bb global_colors_info=\u00a0\u00bb{}\u00a0\u00bb]<\/p>\n<h3>Quick Cer\u00e1mica<\/h3>\n<p>Demo (Italien)<\/p>\n<p>[\/et_pb_text][et_pb_video src=\u00a0\u00bbhttps:\/\/www.youtube.com\/watch?v=nM_XrzlcZOw\u00a0\u00bb _builder_version=\u00a0\u00bb4.27.2&Prime; _module_preset=\u00a0\u00bbdefault\u00a0\u00bb global_colors_info=\u00a0\u00bb{}\u00a0\u00bb][\/et_pb_video][\/et_pb_column][\/et_pb_row][\/et_pb_section]<\/p>\n","protected":false},"excerpt":{"rendered":"<p><div class=\"breadcrumb\"><ul class=\"dsm_breadcrumbs\">\n\t\t<li class=\"dsm_breadcrumbs_item\">\n\t\t\t\t\t\t\t<a class=\"dsm_breadcrumbs_crumb dsm_breadcrumbs_crumb_link\" href=\"https:\/\/www.prissmacer.es\/fr\/\" itemprop=\"url\" rel=\"nofollow\">\n\t\t\t\t\t\t\t\tHome\n\t\t\t\t\t\t\t<\/a>\n\t\t\t\t\t\t<\/li><li class=\"dsm_breadcrumbs_separator\"> \n\t\t\t\t\t\t<span class=\"et-pb-icon dsm_separator_icon\">5<\/span>\n\t\t\t\t\t<\/li><li class=\"dsm_breadcrumbs_item\">\n\t\t\t\t\t\t\t\t\t<a class=\"dsm_breadcrumbs_crumb dsm_breadcrumbs_crumb_link\" href=\"https:\/\/www.prissmacer.es\/fr\/solutions-techniques\/\" itemprop=\"url\" rel=\"nofollow\">\n\t\t\t\t\t\t\t\t\t\tSolutions techniques\n\t\t\t\t\t\t\t\t\t<\/a>\n\t\t\t\t\t\t\t\t<\/li><li class=\"dsm_breadcrumbs_separator\"> \n\t\t\t\t\t\t<span class=\"et-pb-icon dsm_separator_icon\">5<\/span>\n\t\t\t\t\t<\/li><li class=\"dsm_breadcrumbs_item\">Quick Cer\u00e1mica<\/li><\/ul><style>\n\t\t\t\t\t\tdiv#contenedor-breadcrumb p {\n\t\t\t\t\t\t\tdisplay: none;\n\t\t\t\t\t\t}\n\n\t\t\t\t\t\tul.dsm_breadcrumbs {\n\t\t\t\t\t\t\tpadding: 0;\n\t\t\t\t\t\t}\n\n\t\t\t\t\t\tspan.et-pb-icon.dsm_separator_icon {\n\t\t\t\t\t\t\tfont-size: 18px;\n\t\t\t\t\t\t\tfont-weight: 700;\t\n\t\t\t\t\t\t\tvertical-align: text-top;\n\t\t\t\t\t\t}\n\n\t\t\t\t\t\tli.dsm_breadcrumbs_item {\n\t\t\t\t\t\t\tlist-style-type: none;\n\t\t\t\t\t\t\tdisplay: inline-block;\n\t\t\t\t\t\t}\n\n\t\t\t\t\t\tli.dsm_breadcrumbs_separator {\n\t\t\t\t\t\t\tlist-style-type: none;\n\t\t\t\t\t\t\tdisplay: inline-block;\n\t\t\t\t\t\t\tmargin: 0 5px;\n\t\t\t\t\t\t}\n\t\t\t\t\t<\/style><\/div>Quick Cer\u00e1mica is a system designed for the quick installation of porcelain flooring without requiring additional work or adhesives. This is achieved through Quick Cer\u00e1mica\u2019s three key components: Couverture IXPE Une couche isolante en poly\u00e9thyl\u00e8ne IXPE. WPC (Wood and Plastic composite) Facilite l\u2019embo\u00eetement des pi\u00e8ces sans travaux suppl\u00e9mentaires ni utilisation d\u2019adh\u00e9sifs. Carreau XTRA [&hellip;]<\/p>\n","protected":false},"author":1,"featured_media":0,"parent":19613,"menu_order":0,"comment_status":"closed","ping_status":"closed","template":"","meta":{"_acf_changed":false,"_et_pb_use_builder":"on","_et_pb_old_content":"","_et_gb_content_width":"","footnotes":""},"class_list":["post-33194","page","type-page","status-publish","hentry"],"acf":[],"_links":{"self":[{"href":"https:\/\/www.prissmacer.es\/fr\/wp-json\/wp\/v2\/pages\/33194","targetHints":{"allow":["GET"]}}],"collection":[{"href":"https:\/\/www.prissmacer.es\/fr\/wp-json\/wp\/v2\/pages"}],"about":[{"href":"https:\/\/www.prissmacer.es\/fr\/wp-json\/wp\/v2\/types\/page"}],"author":[{"embeddable":true,"href":"https:\/\/www.prissmacer.es\/fr\/wp-json\/wp\/v2\/users\/1"}],"replies":[{"embeddable":true,"href":"https:\/\/www.prissmacer.es\/fr\/wp-json\/wp\/v2\/comments?post=33194"}],"version-history":[{"count":39,"href":"https:\/\/www.prissmacer.es\/fr\/wp-json\/wp\/v2\/pages\/33194\/revisions"}],"predecessor-version":[{"id":34964,"href":"https:\/\/www.prissmacer.es\/fr\/wp-json\/wp\/v2\/pages\/33194\/revisions\/34964"}],"up":[{"embeddable":true,"href":"https:\/\/www.prissmacer.es\/fr\/wp-json\/wp\/v2\/pages\/19613"}],"wp:attachment":[{"href":"https:\/\/www.prissmacer.es\/fr\/wp-json\/wp\/v2\/media?parent=33194"}],"curies":[{"name":"wp","href":"https:\/\/api.w.org\/{rel}","templated":true}]}}