{"id":19590,"date":"2023-03-06T16:46:39","date_gmt":"2023-03-06T15:46:39","guid":{"rendered":"https:\/\/ww3.prissmacer.es\/avis-legal\/"},"modified":"2024-06-28T11:09:19","modified_gmt":"2024-06-28T10:09:19","slug":"avis-legal","status":"publish","type":"page","link":"https:\/\/www.prissmacer.es\/fr\/avis-legal\/","title":{"rendered":"Avis l\u00e9gal"},"content":{"rendered":"<p>[et_pb_section fb_built=\u00a0\u00bb1&Prime; disabled_on=\u00a0\u00bboff|off|off\u00a0\u00bb _builder_version=\u00a0\u00bb4.19.5&Prime; _module_preset=\u00a0\u00bbdefault\u00a0\u00bb min_height=\u00a0\u00bb1px\u00a0\u00bb height=\u00a0\u00bb1px\u00a0\u00bb custom_padding=\u00a0\u00bb0px||0px|||\u00a0\u00bb global_module=\u00a0\u00bb1337&Prime; saved_tabs=\u00a0\u00bball\u00a0\u00bb global_colors_info=\u00a0\u00bb{}\u00a0\u00bb theme_builder_area=\u00a0\u00bbpost_content\u00a0\u00bb][et_pb_row _builder_version=\u00a0\u00bb4.19.5&Prime; _module_preset=\u00a0\u00bbdefault\u00a0\u00bb custom_margin=\u00a0\u00bb||1px||false|false\u00a0\u00bb global_colors_info=\u00a0\u00bb{}\u00a0\u00bb theme_builder_area=\u00a0\u00bbpost_content\u00a0\u00bb][et_pb_column type=\u00a0\u00bb4_4&Prime; _builder_version=\u00a0\u00bb4.19.5&Prime; _module_preset=\u00a0\u00bbdefault\u00a0\u00bb global_colors_info=\u00a0\u00bb{}\u00a0\u00bb theme_builder_area=\u00a0\u00bbpost_content\u00a0\u00bb][\/et_pb_column][\/et_pb_row][\/et_pb_section][et_pb_section fb_built=\u00a0\u00bb1&Prime; disabled_on=\u00a0\u00bboff|off|off\u00a0\u00bb _builder_version=\u00a0\u00bb4.19.5&Prime; _module_preset=\u00a0\u00bbdefault\u00a0\u00bb background_enable_color=\u00a0\u00bboff\u00a0\u00bb positioning=\u00a0\u00bbnone\u00a0\u00bb custom_padding=\u00a0\u00bb0px||0px|||\u00a0\u00bb sticky_position=\u00a0\u00bbtop\u00a0\u00bb sticky_position_tablet=\u00a0\u00bbtop\u00a0\u00bb sticky_position_phone=\u00a0\u00bbnone\u00a0\u00bb sticky_position_last_edited=\u00a0\u00bbon|phone\u00a0\u00bb border_color_bottom=\u00a0\u00bb#e0e0e0&Prime; global_module=\u00a0\u00bb289&Prime; saved_tabs=\u00a0\u00bball\u00a0\u00bb locked=\u00a0\u00bbon\u00a0\u00bb collapsed=\u00a0\u00bboff\u00a0\u00bb global_colors_info=\u00a0\u00bb{}\u00a0\u00bb border_width_bottom__sticky_enabled=\u00a0\u00bbon|sticky\u00a0\u00bb border_width_bottom__sticky=\u00a0\u00bb1px\u00a0\u00bb theme_builder_area=\u00a0\u00bbpost_content\u00a0\u00bb][et_pb_row _builder_version=\u00a0\u00bb4.19.5&Prime; _module_preset=\u00a0\u00bbdefault\u00a0\u00bb sticky_position=\u00a0\u00bbtop\u00a0\u00bb global_colors_info=\u00a0\u00bb{}\u00a0\u00bb custom_padding__sticky_enabled=\u00a0\u00bbon|sticky\u00a0\u00bb custom_padding__sticky=\u00a0\u00bb21px||9px||false|false\u00a0\u00bb theme_builder_area=\u00a0\u00bbpost_content\u00a0\u00bb][et_pb_column type=\u00a0\u00bb4_4&Prime; _builder_version=\u00a0\u00bb4.19.4&Prime; _module_preset=\u00a0\u00bbdefault\u00a0\u00bb global_colors_info=\u00a0\u00bb{}\u00a0\u00bb theme_builder_area=\u00a0\u00bbpost_content\u00a0\u00bb][et_pb_text _builder_version=\u00a0\u00bb4.19.5&Prime; _dynamic_attributes=\u00a0\u00bbcontent\u00a0\u00bb _module_preset=\u00a0\u00bbdefault\u00a0\u00bb header_font=\u00a0\u00bb|700|||||||\u00a0\u00bb header_text_color=\u00a0\u00bb#555559&Prime; header_font_size=\u00a0\u00bb60px\u00a0\u00bb header_line_height=\u00a0\u00bb1.2em\u00a0\u00bb header_2_font=\u00a0\u00bb|700|||||||\u00a0\u00bb header_2_text_align=\u00a0\u00bbleft\u00a0\u00bb header_2_text_color=\u00a0\u00bb#FFFFFF\u00a0\u00bb header_2_font_size=\u00a0\u00bb65px\u00a0\u00bb custom_margin=\u00a0\u00bb||9px|||\u00a0\u00bb header_font_size_tablet=\u00a0\u00bb54px\u00a0\u00bb header_font_size_phone=\u00a0\u00bb40px\u00a0\u00bb header_font_size_last_edited=\u00a0\u00bbon|desktop\u00a0\u00bb header_2_font_size_tablet=\u00a0\u00bb60px\u00a0\u00bb header_2_font_size_phone=\u00a0\u00bb42px\u00a0\u00bb header_2_font_size_last_edited=\u00a0\u00bbon|phone\u00a0\u00bb locked=\u00a0\u00bboff\u00a0\u00bb global_colors_info=\u00a0\u00bb{}\u00a0\u00bb header_font_size__sticky_enabled=\u00a0\u00bbon|desktop\u00a0\u00bb header_font_size__sticky=\u00a0\u00bb30px\u00a0\u00bb custom_padding__sticky_enabled=\u00a0\u00bbon|sticky\u00a0\u00bb custom_padding__sticky=\u00a0\u00bb||0px||false|false\u00a0\u00bb custom_margin__sticky_enabled=\u00a0\u00bbon|sticky\u00a0\u00bb custom_margin__sticky=\u00a0\u00bb||-4px||false|false\u00a0\u00bb theme_builder_area=\u00a0\u00bbpost_content\u00a0\u00bb]@ET-DC@eyJkeW5hbWljIjp0cnVlLCJjb250ZW50IjoicG9zdF90aXRsZSIsInNldHRpbmdzIjp7ImJlZm9yZSI6IjxoMT4iLCJhZnRlciI6IjxcL2gxPiJ9fQ==@[\/et_pb_text][et_pb_text module_id=\u00a0\u00bbcontenedor-breadcrumb\u00a0\u00bb _builder_version=\u00a0\u00bb4.19.5&Prime; _module_preset=\u00a0\u00bbdefault\u00a0\u00bb custom_margin=\u00a0\u00bb0px||0px||false|false\u00a0\u00bb custom_padding=\u00a0\u00bb0px||0px||false|false\u00a0\u00bb global_colors_info=\u00a0\u00bb{}\u00a0\u00bb theme_builder_area=\u00a0\u00bbpost_content\u00a0\u00bb]<\/p>\n<div class=\"breadcrumb\"><ul class=\"dsm_breadcrumbs\">\n\t\t<li class=\"dsm_breadcrumbs_item\">\n\t\t\t\t\t\t\t<a class=\"dsm_breadcrumbs_crumb dsm_breadcrumbs_crumb_link\" href=\"https:\/\/www.prissmacer.es\/fr\/\" itemprop=\"url\" rel=\"nofollow\">\n\t\t\t\t\t\t\t\tHome\n\t\t\t\t\t\t\t<\/a>\n\t\t\t\t\t\t<\/li><li class=\"dsm_breadcrumbs_separator\"> \n\t\t\t\t\t\t<span class=\"et-pb-icon dsm_separator_icon\">5<\/span>\n\t\t\t\t\t<\/li><li class=\"dsm_breadcrumbs_item\">Avis l\u00e9gal<\/li><\/ul><style>\n\t\t\t\t\t\tdiv#contenedor-breadcrumb p {\n\t\t\t\t\t\t\tdisplay: none;\n\t\t\t\t\t\t}\n\n\t\t\t\t\t\tul.dsm_breadcrumbs {\n\t\t\t\t\t\t\tpadding: 0;\n\t\t\t\t\t\t}\n\n\t\t\t\t\t\tspan.et-pb-icon.dsm_separator_icon {\n\t\t\t\t\t\t\tfont-size: 18px;\n\t\t\t\t\t\t\tfont-weight: 700;\t\n\t\t\t\t\t\t\tvertical-align: text-top;\n\t\t\t\t\t\t}\n\n\t\t\t\t\t\tli.dsm_breadcrumbs_item {\n\t\t\t\t\t\t\tlist-style-type: none;\n\t\t\t\t\t\t\tdisplay: inline-block;\n\t\t\t\t\t\t}\n\n\t\t\t\t\t\tli.dsm_breadcrumbs_separator {\n\t\t\t\t\t\t\tlist-style-type: none;\n\t\t\t\t\t\t\tdisplay: inline-block;\n\t\t\t\t\t\t\tmargin: 0 5px;\n\t\t\t\t\t\t}\n\t\t\t\t\t<\/style><\/div>\n<p>[\/et_pb_text][\/et_pb_column][\/et_pb_row][\/et_pb_section][et_pb_section fb_built=\u00a0\u00bb1&Prime; _builder_version=\u00a0\u00bb4.19.5&Prime; _module_preset=\u00a0\u00bbdefault\u00a0\u00bb global_colors_info=\u00a0\u00bb{}\u00a0\u00bb theme_builder_area=\u00a0\u00bbpost_content\u00a0\u00bb custom_padding=\u00a0\u00bb0px|||||\u00a0\u00bb][et_pb_row _builder_version=\u00a0\u00bb4.19.5&Prime; _module_preset=\u00a0\u00bbdefault\u00a0\u00bb global_colors_info=\u00a0\u00bb{}\u00a0\u00bb theme_builder_area=\u00a0\u00bbpost_content\u00a0\u00bb][et_pb_column type=\u00a0\u00bb4_4&Prime; _builder_version=\u00a0\u00bb4.19.5&Prime; _module_preset=\u00a0\u00bbdefault\u00a0\u00bb global_colors_info=\u00a0\u00bb{}\u00a0\u00bb theme_builder_area=\u00a0\u00bbpost_content\u00a0\u00bb][et_pb_text _builder_version=\u00a0\u00bb4.19.5&Prime; _module_preset=\u00a0\u00bbdefault\u00a0\u00bb global_colors_info=\u00a0\u00bb{}\u00a0\u00bb theme_builder_area=\u00a0\u00bbpost_content\u00a0\u00bb]<\/p>\n<p>Prissmacer ceramica S.L.U. tiene el domicilio social en Onda , Cam\u00ed Ratils 23, Pol. Ind. El Colomer y C\u00f3digo postal 12200 . Para mayor informaci\u00f3n puede contactar con nosotros a trav\u00e9s del n\u00famero de tel\u00e9fono 964500226 , o bien a trav\u00e9s de la siguiente direcci\u00f3n de correo electr\u00f3nico : <a href=\"mailto:info@prissmacer.es\">info@prissmacer.es<\/a><\/p>\n<p>Prissmacer Ceramica S.L.U. est\u00e1 inscrita en el Registro Mercantil de Castell\u00f3n de la Plana , Tomo 1503 , Libro 1065 , Folio 36 , Hoja CS-30969<\/p>\n<p><strong>Condiciones de Uso<\/strong><\/p>\n<p>A continuaci\u00f3n relatamos la regulaci\u00f3n del uso de la p\u00e1gina <a href=\"http:\/\/www.prissmacer.es\">www.prissmacer.es<\/a> que Prissmacer Ceramica pone a disposici\u00f3n de los Usuarios.<\/p>\n<p><strong>Objeto<\/strong><\/p>\n<p>La web de Prissmacer Cer\u00e1mica ha sido dise\u00f1ada para dar a conocer a los Usuarios en general tanto la empresa como sus actividades y servicios . Entendiendo como Usuario a toda persona que acceda o navegue por nuestra web.<\/p>\n<p><strong>Acceso<\/strong><\/p>\n<p>Con car\u00e1cter general , los Usuarios podr\u00e1n acceder a <a href=\"http:\/\/www.prissmacer.es\">www.prissmacer.es<\/a> de forma libre y gratuita. Prissmacer Cer\u00e1mica podr\u00e1 modificar de forma unilateral y sin previo aviso, la prestaci\u00f3n , configuraci\u00f3n y contenido de la p\u00e1gina , as\u00ed como las condiciones de uso de la misma y el acceso a los servicios prestados.<\/p>\n<p><strong>Copyright<\/strong><\/p>\n<p>Los Derechos de Propiedad intelectual de esta web son titularidad de Prissmacer Cer\u00e1mica. Por ello, podemos alterar en cualquier momento y sin previo aviso sus contenidos ( dise\u00f1o gr\u00e1fico, textos y c\u00f3digos ). La prestaci\u00f3n de los servicios y la publicaci\u00f3n de los contenidos de la web no implicar\u00e1n en ning\u00fan momento la renuncia o transmisi\u00f3n , total o parcial , de los derechos de propiedad intelectual e industrial. Por ello, cualquier reproducci\u00f3n, distribuci\u00f3n, comercializaci\u00f3n o transformaci\u00f3n de los contenidos de la p\u00e1gina web que no haya sido expresamente autorizado por sus titulares constituye una infracci\u00f3n de los derechos de propiedad intelectual e industrial protegidos por el art\u00edculo 270 y siguientes del C\u00f3digo Penal .<\/p>\n<p><strong> <\/strong><\/p>\n<p><strong>Ley Aplicable y Jurisdicci\u00f3n<\/strong><\/p>\n<p>Para toda cuesti\u00f3n litigiosa o que incumba a <a href=\"http:\/\/www.prissmacer.es\">www.prissmacer.es<\/a> , ser\u00e1 de aplicaci\u00f3n la legislaci\u00f3n espa\u00f1ola, siendo competentes para la resoluci\u00f3n de todos los conflictos derivados o relacionados con el uso de la presente p\u00e1gina web, los Juzgados y Tribunales de Castell\u00f3n de la Plana ( Espa\u00f1a ). Las presentes Condiciones de Uso se regir\u00e1n por lo dispuesto en la legislaci\u00f3n espa\u00f1ola. En el caso de que se produzca cualquier discrepancia o controversia con motivo de la interpretaci\u00f3n o la aplicaci\u00f3n de las presentes Condiciones de Uso, Prissmacer Cer\u00e1mica y el Usuario, con renuncia expresa a cualquier otro fuero que pudiera corresponderles, se someten a la jurisdicci\u00f3n de los Juzgados y Tribunales del domicilio de la empresa aqu\u00ed citada. En el supuesto de que \u00e9ste tenga su domicilio fuera de Espa\u00f1a, con renuncia expresa a cualquier otro fuero que pudiera corresponderles, se someter\u00e1n a la jurisdicci\u00f3n de los Juzgados y Tribunales de Castell\u00f3n de la Plana ( Espa\u00f1a ).<\/p>\n<p><strong> <\/strong><\/p>\n<p><strong>Privacidad de datos<\/strong><\/p>\n<p>Prissmacer Cer\u00e1mica se compromete a mantener todos los datos que nos facilitan nuestros Usuarios en la m\u00e1xima confidencialidad y a no suministrarlos a terceras partes, de acuerdo con los principios de Protecci\u00f3n de Datos de Car\u00e1cter Personal de la LORTAD ( Ley Org\u00e1nica 15\/1999, del 13 de diciembre ). Seg\u00fan lo dispuesto en dicha ley, y con objeto de garantizar la protecci\u00f3n y privacidad de sus datos personales, Prissmacer Cer\u00e1mica informa que los datos que nos facilitan ser\u00e1n incorporados a un fichero automatizado de datos convenientemente registrado en la Agencia de Protecci\u00f3n de Datos. Estos datos personales ser\u00e1n utilizados exclusivamente para los fines indicados en el formulario que el Usuario rellene. El responsable de este fichero es la empresa Prissmacer Cer\u00e1mica con quien puede contactar por escrito para ejercer sus derechos de acceso, rectificaci\u00f3n, cancelaci\u00f3n y oposici\u00f3n en la direcci\u00f3n, Cam\u00ed Ratils 23, Pol. Ind. El Colomer y C\u00f3digo Postal 12200 de Onda ( Castell\u00f3n ) Prissmacer Cer\u00e1mica garantiza la confidencialidad y seguridad de sus datos, que no ser\u00e1n cedidos a terceras personas.<\/p>\n<p><span><\/span><\/p>\n<blockquote><\/blockquote>\n<p>[\/et_pb_text][\/et_pb_column][\/et_pb_row][\/et_pb_section]<\/p>\n","protected":false},"excerpt":{"rendered":"<p><div class=\"breadcrumb\"><ul class=\"dsm_breadcrumbs\">\n\t\t<li class=\"dsm_breadcrumbs_item\">\n\t\t\t\t\t\t\t<a class=\"dsm_breadcrumbs_crumb dsm_breadcrumbs_crumb_link\" href=\"https:\/\/www.prissmacer.es\/fr\/\" itemprop=\"url\" rel=\"nofollow\">\n\t\t\t\t\t\t\t\tHome\n\t\t\t\t\t\t\t<\/a>\n\t\t\t\t\t\t<\/li><li class=\"dsm_breadcrumbs_separator\"> \n\t\t\t\t\t\t<span class=\"et-pb-icon dsm_separator_icon\">5<\/span>\n\t\t\t\t\t<\/li><li class=\"dsm_breadcrumbs_item\">Avis l\u00e9gal<\/li><\/ul><style>\n\t\t\t\t\t\tdiv#contenedor-breadcrumb p {\n\t\t\t\t\t\t\tdisplay: none;\n\t\t\t\t\t\t}\n\n\t\t\t\t\t\tul.dsm_breadcrumbs {\n\t\t\t\t\t\t\tpadding: 0;\n\t\t\t\t\t\t}\n\n\t\t\t\t\t\tspan.et-pb-icon.dsm_separator_icon {\n\t\t\t\t\t\t\tfont-size: 18px;\n\t\t\t\t\t\t\tfont-weight: 700;\t\n\t\t\t\t\t\t\tvertical-align: text-top;\n\t\t\t\t\t\t}\n\n\t\t\t\t\t\tli.dsm_breadcrumbs_item {\n\t\t\t\t\t\t\tlist-style-type: none;\n\t\t\t\t\t\t\tdisplay: inline-block;\n\t\t\t\t\t\t}\n\n\t\t\t\t\t\tli.dsm_breadcrumbs_separator {\n\t\t\t\t\t\t\tlist-style-type: none;\n\t\t\t\t\t\t\tdisplay: inline-block;\n\t\t\t\t\t\t\tmargin: 0 5px;\n\t\t\t\t\t\t}\n\t\t\t\t\t<\/style><\/div>Prissmacer ceramica S.L.U. tiene el domicilio social en Onda , Cam\u00ed Ratils 23, Pol. Ind. El Colomer y C\u00f3digo postal 12200 . Para mayor informaci\u00f3n puede contactar con nosotros a trav\u00e9s del n\u00famero de tel\u00e9fono 964500226 , o bien a trav\u00e9s de la siguiente direcci\u00f3n de correo electr\u00f3nico : info@prissmacer.es Prissmacer Ceramica S.L.U. [&hellip;]<\/p>\n","protected":false},"author":1,"featured_media":0,"parent":0,"menu_order":0,"comment_status":"closed","ping_status":"closed","template":"","meta":{"_acf_changed":false,"_et_pb_use_builder":"on","_et_pb_old_content":"","_et_gb_content_width":"","footnotes":""},"class_list":["post-19590","page","type-page","status-publish","hentry"],"acf":[],"_links":{"self":[{"href":"https:\/\/www.prissmacer.es\/fr\/wp-json\/wp\/v2\/pages\/19590","targetHints":{"allow":["GET"]}}],"collection":[{"href":"https:\/\/www.prissmacer.es\/fr\/wp-json\/wp\/v2\/pages"}],"about":[{"href":"https:\/\/www.prissmacer.es\/fr\/wp-json\/wp\/v2\/types\/page"}],"author":[{"embeddable":true,"href":"https:\/\/www.prissmacer.es\/fr\/wp-json\/wp\/v2\/users\/1"}],"replies":[{"embeddable":true,"href":"https:\/\/www.prissmacer.es\/fr\/wp-json\/wp\/v2\/comments?post=19590"}],"version-history":[{"count":3,"href":"https:\/\/www.prissmacer.es\/fr\/wp-json\/wp\/v2\/pages\/19590\/revisions"}],"predecessor-version":[{"id":29049,"href":"https:\/\/www.prissmacer.es\/fr\/wp-json\/wp\/v2\/pages\/19590\/revisions\/29049"}],"wp:attachment":[{"href":"https:\/\/www.prissmacer.es\/fr\/wp-json\/wp\/v2\/media?parent=19590"}],"curies":[{"name":"wp","href":"https:\/\/api.w.org\/{rel}","templated":true}]}}