{"id":19469,"date":"2022-12-21T10:06:03","date_gmt":"2022-12-21T09:06:03","guid":{"rendered":"https:\/\/ww3.prissmacer.es\/privacy-policy\/"},"modified":"2023-08-07T09:50:51","modified_gmt":"2023-08-07T08:50:51","slug":"privacy-policy","status":"publish","type":"page","link":"https:\/\/www.prissmacer.es\/en\/privacy-policy\/","title":{"rendered":"Privacy policy"},"content":{"rendered":"<p>[et_pb_section fb_built=&#8221;1&#8243; disabled_on=&#8221;off|off|off&#8221; _builder_version=&#8221;4.19.5&#8243; _module_preset=&#8221;default&#8221; min_height=&#8221;1px&#8221; height=&#8221;1px&#8221; custom_padding=&#8221;0px||0px|||&#8221; global_module=&#8221;1337&#8243; saved_tabs=&#8221;all&#8221; global_colors_info=&#8221;{}&#8221;][et_pb_row _builder_version=&#8221;4.19.5&#8243; _module_preset=&#8221;default&#8221; custom_margin=&#8221;||1px||false|false&#8221; global_colors_info=&#8221;{}&#8221;][et_pb_column type=&#8221;4_4&#8243; _builder_version=&#8221;4.19.5&#8243; _module_preset=&#8221;default&#8221; global_colors_info=&#8221;{}&#8221;][\/et_pb_column][\/et_pb_row][\/et_pb_section][et_pb_section fb_built=&#8221;1&#8243; disabled_on=&#8221;off|off|off&#8221; _builder_version=&#8221;4.19.5&#8243; _module_preset=&#8221;default&#8221; background_enable_color=&#8221;off&#8221; positioning=&#8221;none&#8221; custom_padding=&#8221;0px||0px|||&#8221; sticky_position=&#8221;top&#8221; sticky_position_tablet=&#8221;top&#8221; sticky_position_phone=&#8221;none&#8221; sticky_position_last_edited=&#8221;on|phone&#8221; border_color_bottom=&#8221;#e0e0e0&#8243; global_module=&#8221;289&#8243; saved_tabs=&#8221;all&#8221; locked=&#8221;on&#8221; collapsed=&#8221;off&#8221; global_colors_info=&#8221;{}&#8221; border_width_bottom__sticky_enabled=&#8221;on|sticky&#8221; border_width_bottom__sticky=&#8221;1px&#8221;][et_pb_row _builder_version=&#8221;4.19.5&#8243; _module_preset=&#8221;default&#8221; sticky_position=&#8221;top&#8221; global_colors_info=&#8221;{}&#8221; custom_padding__sticky_enabled=&#8221;on|sticky&#8221; custom_padding__sticky=&#8221;21px||9px||false|false&#8221;][et_pb_column type=&#8221;4_4&#8243; _builder_version=&#8221;4.19.4&#8243; _module_preset=&#8221;default&#8221; global_colors_info=&#8221;{}&#8221;][et_pb_text _builder_version=&#8221;4.19.5&#8243; _dynamic_attributes=&#8221;content&#8221; _module_preset=&#8221;default&#8221; header_font=&#8221;|700|||||||&#8221; header_text_color=&#8221;#555559&#8243; header_font_size=&#8221;60px&#8221; header_line_height=&#8221;1.2em&#8221; header_2_font=&#8221;|700|||||||&#8221; header_2_text_align=&#8221;left&#8221; header_2_text_color=&#8221;#FFFFFF&#8221; header_2_font_size=&#8221;65px&#8221; custom_margin=&#8221;||9px|||&#8221; header_font_size_tablet=&#8221;54px&#8221; header_font_size_phone=&#8221;40px&#8221; header_font_size_last_edited=&#8221;on|desktop&#8221; header_2_font_size_tablet=&#8221;60px&#8221; header_2_font_size_phone=&#8221;42px&#8221; header_2_font_size_last_edited=&#8221;on|phone&#8221; locked=&#8221;off&#8221; global_colors_info=&#8221;{}&#8221; header_font_size__sticky_enabled=&#8221;on|desktop&#8221; header_font_size__sticky=&#8221;30px&#8221; custom_padding__sticky_enabled=&#8221;on|sticky&#8221; custom_padding__sticky=&#8221;||0px||false|false&#8221; custom_margin__sticky_enabled=&#8221;on|sticky&#8221; custom_margin__sticky=&#8221;||-4px||false|false&#8221;]@ET-DC@eyJkeW5hbWljIjp0cnVlLCJjb250ZW50IjoicG9zdF90aXRsZSIsInNldHRpbmdzIjp7ImJlZm9yZSI6IjxoMT4iLCJhZnRlciI6IjwvaDE+In19@[\/et_pb_text][et_pb_text module_id=&#8221;contenedor-breadcrumb&#8221; _builder_version=&#8221;4.19.5&#8243; _module_preset=&#8221;default&#8221; custom_margin=&#8221;0px||0px||false|false&#8221; custom_padding=&#8221;0px||0px||false|false&#8221; global_colors_info=&#8221;{}&#8221;]<\/p>\n<div class=\"breadcrumb\"><ul class=\"dsm_breadcrumbs\">\n\t\t<li class=\"dsm_breadcrumbs_item\">\n\t\t\t\t\t\t\t<a class=\"dsm_breadcrumbs_crumb dsm_breadcrumbs_crumb_link\" href=\"https:\/\/www.prissmacer.es\/en\/\" itemprop=\"url\" rel=\"nofollow\">\n\t\t\t\t\t\t\t\tHome\n\t\t\t\t\t\t\t<\/a>\n\t\t\t\t\t\t<\/li><li class=\"dsm_breadcrumbs_separator\"> \n\t\t\t\t\t\t<span class=\"et-pb-icon dsm_separator_icon\">5<\/span>\n\t\t\t\t\t<\/li><li class=\"dsm_breadcrumbs_item\">Privacy policy<\/li><\/ul><style>\n\t\t\t\t\t\tdiv#contenedor-breadcrumb p {\n\t\t\t\t\t\t\tdisplay: none;\n\t\t\t\t\t\t}\n\n\t\t\t\t\t\tul.dsm_breadcrumbs {\n\t\t\t\t\t\t\tpadding: 0;\n\t\t\t\t\t\t}\n\n\t\t\t\t\t\tspan.et-pb-icon.dsm_separator_icon {\n\t\t\t\t\t\t\tfont-size: 18px;\n\t\t\t\t\t\t\tfont-weight: 700;\t\n\t\t\t\t\t\t\tvertical-align: text-top;\n\t\t\t\t\t\t}\n\n\t\t\t\t\t\tli.dsm_breadcrumbs_item {\n\t\t\t\t\t\t\tlist-style-type: none;\n\t\t\t\t\t\t\tdisplay: inline-block;\n\t\t\t\t\t\t}\n\n\t\t\t\t\t\tli.dsm_breadcrumbs_separator {\n\t\t\t\t\t\t\tlist-style-type: none;\n\t\t\t\t\t\t\tdisplay: inline-block;\n\t\t\t\t\t\t\tmargin: 0 5px;\n\t\t\t\t\t\t}\n\t\t\t\t\t<\/style><\/div>\n<p>[\/et_pb_text][\/et_pb_column][\/et_pb_row][\/et_pb_section][et_pb_section fb_built=&#8221;1&#8243; _builder_version=&#8221;4.19.5&#8243; _module_preset=&#8221;default&#8221; global_colors_info=&#8221;{}&#8221;][et_pb_row _builder_version=&#8221;4.19.5&#8243; _module_preset=&#8221;default&#8221; global_colors_info=&#8221;{}&#8221;][et_pb_column type=&#8221;4_4&#8243; _builder_version=&#8221;4.19.5&#8243; _module_preset=&#8221;default&#8221; global_colors_info=&#8221;{}&#8221;][et_pb_text _builder_version=&#8221;4.21.0&#8243; _module_preset=&#8221;default&#8221; hover_enabled=&#8221;0&#8243; global_colors_info=&#8221;{}&#8221; sticky_enabled=&#8221;0&#8243;]<\/p>\n<h3>Responsible for the treatment<\/h3>\n<p><span> Prissmacer Cer\u00e1mica S.L.U., with registered office at Camino Ratils number 23 and Postal Code 12200 in Onda, Castell\u00f3n (Spain).<br \/><\/span><span style=\"font-size: 15px;\">If you wish, you can contact us through the following e-mail address:\u00a0 <\/span><a href=\"mailto:info@prissmacer.es\" style=\"font-size: 15px;\">info@prissmacer.es<\/a><span style=\"font-size: 15px;\">.<\/span><\/p>\n<p><span><\/span><\/p>\n<h3>Purpose and legitimacy<\/h3>\n<p><span> To respond, in the first instance, to queries, requests, comments, doubts, complaints or any other concerns that you have sent us through the contact form. It is understood that by completing this form and providing the necessary data, the interested party gives his consent to process his data for this purpose.\u00a0<\/span><\/p>\n<p><span><\/span><\/p>\n<h3>Recipients<\/h3>\n<p><span style=\"font-size: 15px;\">Third party service providers who have access to your personal data.<\/span><\/p>\n<p><span style=\"font-size: 15px;\"><\/span><\/p>\n<h3>Rights<\/h3>\n<p><span> You may access, rectify, delete, oppose certain processing, as well as revoke the consents given, exercise your right to limitation of processing, to portability and not to be subject to a decision based solely on automated processing of your data.<\/span><\/p>\n<p><span> You may exercise the rights described above through the following channels: <\/span><\/p>\n<p><span> \u2022 In writing, by request addressed to Camino Ratils number 23 and Postal Code 12200 of Onda, Castell\u00f3n (Spain).<\/span><\/p>\n<p><span> \u2022 By e-mail to the following address: <a href=\"mailto:info@prissmacer.es\" style=\"font-size: 15px;\">info@prissmacer.es<\/a><span style=\"font-size: 15px;\">.<\/span><\/span><\/p>\n<p><span><\/span><\/p>\n<h3>Additional information<span><\/span><\/h3>\n<p><span> You can consult additional and detailed information about Data Protection in the following link: <a href=\"https:\/\/www.prissmacer.es\/aviso-legal\/\">Aviso legal<\/a><\/span><\/p>\n<p><span style=\"font-size: 15px;\"><\/span><\/p>\n<p><span style=\"font-size: 15px;\"><\/span><\/p>\n<p><span><\/span><\/p>\n<blockquote><\/blockquote>\n<p>[\/et_pb_text][\/et_pb_column][\/et_pb_row][\/et_pb_section]<\/p>\n","protected":false},"excerpt":{"rendered":"<p>Data controller: Prissmacer Cer\u00e1mica S.L.U., with corporate address at Camino Ratils n\u00famero 23, 12200 Onda, Castell\u00f3n (Spain).<br \/>\nYou can contact us at the following email address: info@prissmacer.es.<\/p>\n","protected":false},"author":1,"featured_media":0,"parent":0,"menu_order":0,"comment_status":"closed","ping_status":"closed","template":"","meta":{"_acf_changed":false,"_et_pb_use_builder":"on","_et_pb_old_content":"","_et_gb_content_width":"","footnotes":""},"class_list":["post-19469","page","type-page","status-publish","hentry"],"acf":[],"_links":{"self":[{"href":"https:\/\/www.prissmacer.es\/en\/wp-json\/wp\/v2\/pages\/19469","targetHints":{"allow":["GET"]}}],"collection":[{"href":"https:\/\/www.prissmacer.es\/en\/wp-json\/wp\/v2\/pages"}],"about":[{"href":"https:\/\/www.prissmacer.es\/en\/wp-json\/wp\/v2\/types\/page"}],"author":[{"embeddable":true,"href":"https:\/\/www.prissmacer.es\/en\/wp-json\/wp\/v2\/users\/1"}],"replies":[{"embeddable":true,"href":"https:\/\/www.prissmacer.es\/en\/wp-json\/wp\/v2\/comments?post=19469"}],"version-history":[{"count":4,"href":"https:\/\/www.prissmacer.es\/en\/wp-json\/wp\/v2\/pages\/19469\/revisions"}],"predecessor-version":[{"id":20535,"href":"https:\/\/www.prissmacer.es\/en\/wp-json\/wp\/v2\/pages\/19469\/revisions\/20535"}],"wp:attachment":[{"href":"https:\/\/www.prissmacer.es\/en\/wp-json\/wp\/v2\/media?parent=19469"}],"curies":[{"name":"wp","href":"https:\/\/api.w.org\/{rel}","templated":true}]}}