{"id":19421,"date":"2023-03-06T16:46:39","date_gmt":"2023-03-06T15:46:39","guid":{"rendered":"https:\/\/ww3.prissmacer.es\/legal-notice\/"},"modified":"2023-08-07T12:08:17","modified_gmt":"2023-08-07T11:08:17","slug":"legal-notice","status":"publish","type":"page","link":"https:\/\/www.prissmacer.es\/en\/legal-notice\/","title":{"rendered":"Legal notice"},"content":{"rendered":"<p>[et_pb_section fb_built=&#8221;1&#8243; disabled_on=&#8221;off|off|off&#8221; _builder_version=&#8221;4.19.5&#8243; _module_preset=&#8221;default&#8221; min_height=&#8221;1px&#8221; height=&#8221;1px&#8221; custom_padding=&#8221;0px||0px|||&#8221; global_module=&#8221;1337&#8243; saved_tabs=&#8221;all&#8221; global_colors_info=&#8221;{}&#8221;][et_pb_row _builder_version=&#8221;4.19.5&#8243; _module_preset=&#8221;default&#8221; custom_margin=&#8221;||1px||false|false&#8221; global_colors_info=&#8221;{}&#8221;][et_pb_column type=&#8221;4_4&#8243; _builder_version=&#8221;4.19.5&#8243; _module_preset=&#8221;default&#8221; global_colors_info=&#8221;{}&#8221;][\/et_pb_column][\/et_pb_row][\/et_pb_section][et_pb_section fb_built=&#8221;1&#8243; disabled_on=&#8221;off|off|off&#8221; _builder_version=&#8221;4.19.5&#8243; _module_preset=&#8221;default&#8221; background_enable_color=&#8221;off&#8221; positioning=&#8221;none&#8221; custom_padding=&#8221;0px||0px|||&#8221; sticky_position=&#8221;top&#8221; sticky_position_tablet=&#8221;top&#8221; sticky_position_phone=&#8221;none&#8221; sticky_position_last_edited=&#8221;on|phone&#8221; border_color_bottom=&#8221;#e0e0e0&#8243; global_module=&#8221;289&#8243; saved_tabs=&#8221;all&#8221; locked=&#8221;on&#8221; collapsed=&#8221;off&#8221; global_colors_info=&#8221;{}&#8221; border_width_bottom__sticky_enabled=&#8221;on|sticky&#8221; border_width_bottom__sticky=&#8221;1px&#8221;][et_pb_row _builder_version=&#8221;4.19.5&#8243; _module_preset=&#8221;default&#8221; sticky_position=&#8221;top&#8221; global_colors_info=&#8221;{}&#8221; custom_padding__sticky_enabled=&#8221;on|sticky&#8221; custom_padding__sticky=&#8221;21px||9px||false|false&#8221;][et_pb_column type=&#8221;4_4&#8243; _builder_version=&#8221;4.19.4&#8243; _module_preset=&#8221;default&#8221; global_colors_info=&#8221;{}&#8221;][et_pb_text _builder_version=&#8221;4.19.5&#8243; _dynamic_attributes=&#8221;content&#8221; _module_preset=&#8221;default&#8221; header_font=&#8221;|700|||||||&#8221; header_text_color=&#8221;#555559&#8243; header_font_size=&#8221;60px&#8221; header_line_height=&#8221;1.2em&#8221; header_2_font=&#8221;|700|||||||&#8221; header_2_text_align=&#8221;left&#8221; header_2_text_color=&#8221;#FFFFFF&#8221; header_2_font_size=&#8221;65px&#8221; custom_margin=&#8221;||9px|||&#8221; header_font_size_tablet=&#8221;54px&#8221; header_font_size_phone=&#8221;40px&#8221; header_font_size_last_edited=&#8221;on|desktop&#8221; header_2_font_size_tablet=&#8221;60px&#8221; header_2_font_size_phone=&#8221;42px&#8221; header_2_font_size_last_edited=&#8221;on|phone&#8221; locked=&#8221;off&#8221; global_colors_info=&#8221;{}&#8221; header_font_size__sticky_enabled=&#8221;on|desktop&#8221; header_font_size__sticky=&#8221;30px&#8221; custom_padding__sticky_enabled=&#8221;on|sticky&#8221; custom_padding__sticky=&#8221;||0px||false|false&#8221; custom_margin__sticky_enabled=&#8221;on|sticky&#8221; custom_margin__sticky=&#8221;||-4px||false|false&#8221;]@ET-DC@eyJkeW5hbWljIjp0cnVlLCJjb250ZW50IjoicG9zdF90aXRsZSIsInNldHRpbmdzIjp7ImJlZm9yZSI6IjxoMT4iLCJhZnRlciI6IjwvaDE+In19@[\/et_pb_text][et_pb_text module_id=&#8221;contenedor-breadcrumb&#8221; _builder_version=&#8221;4.19.5&#8243; _module_preset=&#8221;default&#8221; custom_margin=&#8221;0px||0px||false|false&#8221; custom_padding=&#8221;0px||0px||false|false&#8221; global_colors_info=&#8221;{}&#8221;]<\/p>\n<div class=\"breadcrumb\"><ul class=\"dsm_breadcrumbs\">\n\t\t<li class=\"dsm_breadcrumbs_item\">\n\t\t\t\t\t\t\t<a class=\"dsm_breadcrumbs_crumb dsm_breadcrumbs_crumb_link\" href=\"https:\/\/www.prissmacer.es\/en\/\" itemprop=\"url\" rel=\"nofollow\">\n\t\t\t\t\t\t\t\tHome\n\t\t\t\t\t\t\t<\/a>\n\t\t\t\t\t\t<\/li><li class=\"dsm_breadcrumbs_separator\"> \n\t\t\t\t\t\t<span class=\"et-pb-icon dsm_separator_icon\">5<\/span>\n\t\t\t\t\t<\/li><li class=\"dsm_breadcrumbs_item\">Legal notice<\/li><\/ul><style>\n\t\t\t\t\t\tdiv#contenedor-breadcrumb p {\n\t\t\t\t\t\t\tdisplay: none;\n\t\t\t\t\t\t}\n\n\t\t\t\t\t\tul.dsm_breadcrumbs {\n\t\t\t\t\t\t\tpadding: 0;\n\t\t\t\t\t\t}\n\n\t\t\t\t\t\tspan.et-pb-icon.dsm_separator_icon {\n\t\t\t\t\t\t\tfont-size: 18px;\n\t\t\t\t\t\t\tfont-weight: 700;\t\n\t\t\t\t\t\t\tvertical-align: text-top;\n\t\t\t\t\t\t}\n\n\t\t\t\t\t\tli.dsm_breadcrumbs_item {\n\t\t\t\t\t\t\tlist-style-type: none;\n\t\t\t\t\t\t\tdisplay: inline-block;\n\t\t\t\t\t\t}\n\n\t\t\t\t\t\tli.dsm_breadcrumbs_separator {\n\t\t\t\t\t\t\tlist-style-type: none;\n\t\t\t\t\t\t\tdisplay: inline-block;\n\t\t\t\t\t\t\tmargin: 0 5px;\n\t\t\t\t\t\t}\n\t\t\t\t\t<\/style><\/div>\n<p>[\/et_pb_text][\/et_pb_column][\/et_pb_row][\/et_pb_section][et_pb_section fb_built=&#8221;1&#8243; _builder_version=&#8221;4.19.5&#8243; _module_preset=&#8221;default&#8221; custom_padding=&#8221;0px|||||&#8221; global_colors_info=&#8221;{}&#8221;][et_pb_row _builder_version=&#8221;4.19.5&#8243; _module_preset=&#8221;default&#8221; global_colors_info=&#8221;{}&#8221;][et_pb_column type=&#8221;4_4&#8243; _builder_version=&#8221;4.19.5&#8243; _module_preset=&#8221;default&#8221; global_colors_info=&#8221;{}&#8221;][et_pb_text _builder_version=&#8221;4.19.5&#8243; _module_preset=&#8221;default&#8221; global_colors_info=&#8221;{}&#8221;]<\/p>\n<p>Prissmacer ceramica S.L.U. has its registered office in Onda , Cam\u00ed Ratils 23, Pol. Ind. El Colomer and zip code 12200 . For more information you can contact us through the phone number 964500226 , or through the following email address : <a href=\"mailto:info@prissmacer.es\">info@prissmacer.es<\/a><\/p>\n<p>Prissmacer Ceramica S.L.U. is registered in the Trade Register os Castell\u00f3n de la Plana , Volume 1503 , Book 1065 , Folio 36 , Page CS-30969<\/p>\n<p><strong>Conditions of Use<\/strong><\/p>\n<p>The following are the regulations governing the use of the <a href=\"https:\/\/www.prissmacer.es\">www.prissmacer.es<\/a> page that Prissmacer Ceramica makes available to Users.<\/p>\n<p><strong>Object<\/strong><\/p>\n<p>The Prissmacer Ceramica website has been designed to inform Users in general about the company and its activities and services. Users are understood to be any person who accesses or browses our web site.<\/p>\n<p><strong>Access<\/strong><\/p>\n<p>In general, Users may access\u00a0 <a href=\"https:\/\/www.prissmacer.es\">www.prissmacer.es<\/a> freely and free of charge. Prissmacer Cer\u00e1mica may modify unilaterally and withouut prior notice, the provision, configuration and content of the page, as well as the conditions of use of the same and access to the services provided.\u00a0<\/p>\n<p><strong>Copyright<\/strong><\/p>\n<p>The Intellectual Property Rights of this website are owned by Prissmacer Cer\u00e1mica. Therefore, we may alter its contents ( graphic design, texts and codes ) at any time and without prior notice. The provision of services and the publication of the contents of the web site shall not imply at any time the waiver or transfer, in whole or in part, of the intellectual and industrial property rights. Therefore, any reproduction, distribution, commercialisation or transformation of the contents of the website that has not been expressly authorised by its owners constitutes an infringement of intellectual and industrial property rights protected by Article 270 and following of the Penal Code.\u00a0<\/p>\n<p><strong> <\/strong><\/p>\n<p><strong>Applicable Law and Jurisdiction<\/strong><\/p>\n<p>For any litigious question or that incumbs to\u00a0 <a href=\"https:\/\/www.prissmacer.es\">www.prissmacer.es<\/a> , will be of application the Spanish legislation, being competent for the resolution of all the conflicts derived or related to the use of the present web page, the Courts and Courts of Castell\u00f3n de la Plana ( Spain ). These Terms of Use shall be governed by the provisions of Spanish law. In the event of any discrepancy or dispute arising from the interpretation or application of these Conditions of Use, Prissmacer Cer\u00e1mica and the User, expressly waiving any other jurisdiction that may correspond to them, submit to the jurisdiction of the Courts and Tribunals of the domicile of the company mentioned herein. In the event that the latter is domiciled outside Spain, and expressly waiving any other jurisdiction that may correspond to them, they will submit to the jurisdiction of the Courts and Tribunals of Castell\u00f3n de la Plana ( Spain ).<\/p>\n<p><strong> <\/strong><\/p>\n<p><strong>Data Privacy<\/strong><\/p>\n<p>Prissmacer Cer\u00e1mica undertakes to keep all the data provided to us by our Users in the strictest confidentiality and not to supply them to third parties, in accordance with the principles of Personal Data Protection of the LORTAD ( Organi Law 15\/1999, of December 13 ). According to the provisions of this law, and in order to ensure the protection and privacy of your personal data, Prissmacer Cer\u00e1mica informs that the data provided will be incorporated into an automated data file duly registered with the Data Protection Agency. These personal data will be used exclusively for the purposes indicated in the form that the User fills in. The responsible for this file is the company Prissmacer Cer\u00e1mica with whom you can contact in writing to exercise your rights of access, rectification, cancellation and opposition at the address, Cam\u00ed Ratils 23, Pol. Ind. El Colomer and Zip Code 12200 of Onda ( Castell\u00f3n ) Prissmacer Cer\u00e1mica guarantees the confidentiality and security of your data, which will not be disclosed to third parties.\u00a0\u00a0<\/p>\n<p><span><\/span><\/p>\n<blockquote><\/blockquote>\n<p>[\/et_pb_text][\/et_pb_column][\/et_pb_row][\/et_pb_section]<\/p>\n","protected":false},"excerpt":{"rendered":"<p><div class=\"breadcrumb\"><ul class=\"dsm_breadcrumbs\">\n\t\t<li class=\"dsm_breadcrumbs_item\">\n\t\t\t\t\t\t\t<a class=\"dsm_breadcrumbs_crumb dsm_breadcrumbs_crumb_link\" href=\"https:\/\/www.prissmacer.es\/en\/\" itemprop=\"url\" rel=\"nofollow\">\n\t\t\t\t\t\t\t\tHome\n\t\t\t\t\t\t\t<\/a>\n\t\t\t\t\t\t<\/li><li class=\"dsm_breadcrumbs_separator\"> \n\t\t\t\t\t\t<span class=\"et-pb-icon dsm_separator_icon\">5<\/span>\n\t\t\t\t\t<\/li><li class=\"dsm_breadcrumbs_item\">Legal notice<\/li><\/ul><style>\n\t\t\t\t\t\tdiv#contenedor-breadcrumb p {\n\t\t\t\t\t\t\tdisplay: none;\n\t\t\t\t\t\t}\n\n\t\t\t\t\t\tul.dsm_breadcrumbs {\n\t\t\t\t\t\t\tpadding: 0;\n\t\t\t\t\t\t}\n\n\t\t\t\t\t\tspan.et-pb-icon.dsm_separator_icon {\n\t\t\t\t\t\t\tfont-size: 18px;\n\t\t\t\t\t\t\tfont-weight: 700;\t\n\t\t\t\t\t\t\tvertical-align: text-top;\n\t\t\t\t\t\t}\n\n\t\t\t\t\t\tli.dsm_breadcrumbs_item {\n\t\t\t\t\t\t\tlist-style-type: none;\n\t\t\t\t\t\t\tdisplay: inline-block;\n\t\t\t\t\t\t}\n\n\t\t\t\t\t\tli.dsm_breadcrumbs_separator {\n\t\t\t\t\t\t\tlist-style-type: none;\n\t\t\t\t\t\t\tdisplay: inline-block;\n\t\t\t\t\t\t\tmargin: 0 5px;\n\t\t\t\t\t\t}\n\t\t\t\t\t<\/style><\/div>Prissmacer ceramica S.L.U. has its registered office in Onda , Cam\u00ed Ratils 23, Pol. Ind. El Colomer and zip code 12200 . For more information you can contact us through the phone number 964500226 , or through the following email address : info@prissmacer.es Prissmacer Ceramica S.L.U. is registered in the Trade Register os [&hellip;]<\/p>\n","protected":false},"author":1,"featured_media":0,"parent":0,"menu_order":0,"comment_status":"closed","ping_status":"closed","template":"","meta":{"_acf_changed":false,"_et_pb_use_builder":"on","_et_pb_old_content":"","_et_gb_content_width":"","footnotes":""},"class_list":["post-19421","page","type-page","status-publish","hentry"],"acf":[],"_links":{"self":[{"href":"https:\/\/www.prissmacer.es\/en\/wp-json\/wp\/v2\/pages\/19421","targetHints":{"allow":["GET"]}}],"collection":[{"href":"https:\/\/www.prissmacer.es\/en\/wp-json\/wp\/v2\/pages"}],"about":[{"href":"https:\/\/www.prissmacer.es\/en\/wp-json\/wp\/v2\/types\/page"}],"author":[{"embeddable":true,"href":"https:\/\/www.prissmacer.es\/en\/wp-json\/wp\/v2\/users\/1"}],"replies":[{"embeddable":true,"href":"https:\/\/www.prissmacer.es\/en\/wp-json\/wp\/v2\/comments?post=19421"}],"version-history":[{"count":18,"href":"https:\/\/www.prissmacer.es\/en\/wp-json\/wp\/v2\/pages\/19421\/revisions"}],"predecessor-version":[{"id":20561,"href":"https:\/\/www.prissmacer.es\/en\/wp-json\/wp\/v2\/pages\/19421\/revisions\/20561"}],"wp:attachment":[{"href":"https:\/\/www.prissmacer.es\/en\/wp-json\/wp\/v2\/media?parent=19421"}],"curies":[{"name":"wp","href":"https:\/\/api.w.org\/{rel}","templated":true}]}}